

{"id":3890,"date":"2022-04-30T13:22:05","date_gmt":"2022-04-30T11:22:05","guid":{"rendered":"https:\/\/olivierbeaugrand.com\/?page_id=3890"},"modified":"2025-04-20T06:31:54","modified_gmt":"2025-04-20T04:31:54","slug":"carte-entreprise-voyages-daffaires","status":"publish","type":"page","link":"https:\/\/olivierbeaugrand.com\/index.php\/carte-entreprise-voyages-daffaires\/","title":{"rendered":"Carte Entreprise &#8211; Voyages d&#8217;Affaires"},"content":{"rendered":"<p>[vc_row lvca_dark_bg=&#8221;true&#8221; simple_background_color=&#8221;#000000&#8243;][vc_column]<div class=\"mkdf-elements-holder   mkdf-one-column  mkdf-responsive-mode-768 \" ><div class=\"mkdf-eh-item   mkdf-horizontal-alignment-center \" style=\"background-image: url(https:\/\/olivierbeaugrand.com\/wp-content\/uploads\/2022\/04\/carte-voyage.jpg)\" data-item-class=\"mkdf-eh-custom-6997\" data-1367-1600=\"223px 0px\" data-1025-1366=\"173px 0px\" data-769-1024=\"173px 0px\" data-681-768=\"173px 0px\" data-680=\"173px 0px\">\n\t<div class=\"mkdf-eh-item-inner\">\n\t\t<div class=\"mkdf-eh-item-content mkdf-eh-custom-6997\" style=\"padding: 273px 0px\">\n\t\t\t<div class=\"mkdf-section-title-holder  mkdf-st-standard mkdf-st- mkdf-st-normal-space \" style=\"text-align: center\">\n\t<div class=\"mkdf-st-inner\">\n\t\t\t\t\t<h1 class=\"mkdf-st-title\" style=\"color: #48796c\">\n\t\t\t\tCarte Entreprise<br \/> Voyages D'AFFAIRES\t\t\t<\/h1>\n\t\t\t\t\t<\/div>\n<\/div>\t\t<\/div>\n\t<\/div>\n<\/div><\/div>[\/vc_column][\/vc_row][vc_row row_content_width=&#8221;grid&#8221; css=&#8221;.vc_custom_1619956442855{padding-top: 80px !important;padding-bottom: 180px !important;}&#8221; simple_background_color=&#8221;#000000&#8243;][vc_column][vc_column_text]<span style=\"color: #ffffff;\" data-darkreader-inline-color=\"\">Pour ce projet, j\u2019ai pr\u00e9sent\u00e9 via trois films les divers avantages des cartes commerciales de BNP Paribas.<\/span><br \/>\n<span style=\"color: #ffffff;\" data-darkreader-inline-color=\"\">Ce film traite des avantages qu\u2019apporte la carte aux entreprises en ce qui concerne les voyages d\u2019affaires.<\/span><\/p>\n<p><span style=\"color: #ffffff;\" data-darkreader-inline-color=\"\">Les illustrations et les animations de ce film ont \u00e9t\u00e9 cr\u00e9\u00e9s avec Illustrator, Cinema 4D, et After Effects.<\/span>[\/vc_column_text][vc_empty_space height=&#8221;32&#8243;][vc_video link=&#8221;https:\/\/youtu.be\/a0yeP7l1BXE&#8221; align=&#8221;center&#8221;][\/vc_column][\/vc_row][vc_row content_text_aligment=&#8221;center&#8221; css=&#8221;.vc_custom_1619949226822{padding-top: 60px !important;padding-bottom: 60px !important;}&#8221; simple_background_color=&#8221;#000000&#8243;][vc_column]<div class=\"mkdf-section-title-holder  mkdf-st-standard mkdf-st- mkdf-st-normal-space \" style=\"text-align: center\">\n\t<div class=\"mkdf-st-inner\">\n\t\t\t\t\t<h1 class=\"mkdf-st-title\" style=\"color: #ffffff\">\n\t\t\t\tRecherches<br \/> Graphiques\t\t\t<\/h1>\n\t\t\t\t\t<\/div>\n<\/div>[\/vc_column][\/vc_row][vc_row row_content_width=&#8221;grid&#8221; css=&#8221;.vc_custom_1619956501819{padding-top: 180px !important;padding-bottom: 16px !important;}&#8221; simple_background_color=&#8221;#000000&#8243;][vc_column][vc_single_image image=&#8221;3894&#8243; img_size=&#8221;full&#8221; alignment=&#8221;center&#8221;][vc_empty_space height=&#8221;16&#8243;][vc_single_image image=&#8221;3895&#8243; img_size=&#8221;full&#8221; alignment=&#8221;center&#8221;][vc_empty_space height=&#8221;16&#8243;][vc_single_image image=&#8221;3896&#8243; img_size=&#8221;full&#8221; alignment=&#8221;center&#8221;][vc_empty_space height=&#8221;16&#8243;][vc_single_image image=&#8221;3897&#8243; img_size=&#8221;full&#8221; alignment=&#8221;center&#8221;][vc_empty_space height=&#8221;16&#8243;][vc_single_image image=&#8221;3898&#8243; img_size=&#8221;full&#8221; alignment=&#8221;center&#8221;][vc_empty_space height=&#8221;16&#8243;][vc_single_image image=&#8221;3899&#8243; img_size=&#8221;full&#8221; alignment=&#8221;center&#8221;][vc_empty_space height=&#8221;16&#8243;][vc_single_image image=&#8221;3900&#8243; img_size=&#8221;full&#8221; alignment=&#8221;center&#8221;][vc_empty_space height=&#8221;16&#8243;][vc_single_image image=&#8221;3901&#8243; img_size=&#8221;full&#8221; alignment=&#8221;center&#8221;][\/vc_column][\/vc_row]<\/p>\n","protected":false},"excerpt":{"rendered":"<p>[vc_row lvca_dark_bg=&#8221;true&#8221; simple_background_color=&#8221;#000000&#8243;][vc_column][\/vc_column][\/vc_row][vc_row row_content_width=&#8221;grid&#8221; css=&#8221;.vc_custom_1619956442855{padding-top: 80px !important;padding-bottom: 180px !important;}&#8221; simple_background_color=&#8221;#000000&#8243;][vc_column][vc_column_text]Pour ce projet, j\u2019ai pr\u00e9sent\u00e9 via trois films les divers avantages des cartes commerciales de BNP Paribas. Ce film traite des avantages qu\u2019apporte la carte aux entreprises en ce qui concerne les voyages d\u2019affaires. Les illustrations et les animations de ce film ont \u00e9t\u00e9 cr\u00e9\u00e9s avec Illustrator, [&hellip;]<\/p>\n","protected":false},"author":1,"featured_media":0,"parent":0,"menu_order":0,"comment_status":"closed","ping_status":"closed","template":"full-width.php","meta":{"tpgb_global_settings":"","pgc_sgb_lightbox_settings":"","footnotes":""},"class_list":["post-3890","page","type-page","status-publish","hentry"],"tpgb_featured_images":null,"tpgb_post_meta_info":{"get_date":"30 April 2022","get_modified_date":"20 April 2025","author_name":"admin6889","author_url":"https:\/\/olivierbeaugrand.com\/index.php\/author\/admin6889\/","author_email":"olivierbeaugrand@live.com","author_website":"http:\/\/olivierbeaugrand.com","author_description":"","author_facebook":"","author_twitter":"","author_instagram":"","author_role":["administrator"],"author_firstname":"","author_lastname":"","user_login":"admin6889","author_avatar":"<img alt='' src='https:\/\/secure.gravatar.com\/avatar\/fbd75701553054cea1c09b841228b1c557bd5f292805dc0ee33c7d62685b5fd7?s=200&#038;d=mm&#038;r=g' srcset='https:\/\/secure.gravatar.com\/avatar\/fbd75701553054cea1c09b841228b1c557bd5f292805dc0ee33c7d62685b5fd7?s=400&#038;d=mm&#038;r=g 2x' class='avatar avatar-200 photo' height='200' width='200' loading='lazy' decoding='async'\/>","author_avatar_url":"https:\/\/secure.gravatar.com\/avatar\/fbd75701553054cea1c09b841228b1c557bd5f292805dc0ee33c7d62685b5fd7?s=96&d=mm&r=g","comment_count":0,"post_likes":0,"post_views":0},"tpgb_post_category":[],"_links":{"self":[{"href":"https:\/\/olivierbeaugrand.com\/index.php\/wp-json\/wp\/v2\/pages\/3890","targetHints":{"allow":["GET"]}}],"collection":[{"href":"https:\/\/olivierbeaugrand.com\/index.php\/wp-json\/wp\/v2\/pages"}],"about":[{"href":"https:\/\/olivierbeaugrand.com\/index.php\/wp-json\/wp\/v2\/types\/page"}],"author":[{"embeddable":true,"href":"https:\/\/olivierbeaugrand.com\/index.php\/wp-json\/wp\/v2\/users\/1"}],"replies":[{"embeddable":true,"href":"https:\/\/olivierbeaugrand.com\/index.php\/wp-json\/wp\/v2\/comments?post=3890"}],"version-history":[{"count":6,"href":"https:\/\/olivierbeaugrand.com\/index.php\/wp-json\/wp\/v2\/pages\/3890\/revisions"}],"predecessor-version":[{"id":5060,"href":"https:\/\/olivierbeaugrand.com\/index.php\/wp-json\/wp\/v2\/pages\/3890\/revisions\/5060"}],"wp:attachment":[{"href":"https:\/\/olivierbeaugrand.com\/index.php\/wp-json\/wp\/v2\/media?parent=3890"}],"curies":[{"name":"wp","href":"https:\/\/api.w.org\/{rel}","templated":true}]}}