

{"id":3967,"date":"2022-04-30T14:37:33","date_gmt":"2022-04-30T12:37:33","guid":{"rendered":"https:\/\/olivierbeaugrand.com\/?page_id=3967"},"modified":"2024-01-29T10:30:09","modified_gmt":"2024-01-29T09:30:09","slug":"ornithologie-3d","status":"publish","type":"page","link":"https:\/\/olivierbeaugrand.com\/index.php\/ornithologie-3d\/","title":{"rendered":"Ornithologie 3D"},"content":{"rendered":"<p>[vc_row lvca_dark_bg=&#8221;true&#8221; simple_background_color=&#8221;#dbe3e9&#8243;][vc_column]<div class=\"mkdf-elements-holder   mkdf-one-column  mkdf-responsive-mode-768 \" ><div class=\"mkdf-eh-item   mkdf-horizontal-alignment-center \" style=\"background-image: url(https:\/\/olivierbeaugrand.com\/wp-content\/uploads\/2022\/04\/plumes_0014-b.jpg)\" data-item-class=\"mkdf-eh-custom-4590\" data-1367-1600=\"223px 0px\" data-1025-1366=\"173px 0px\" data-769-1024=\"173px 0px\" data-681-768=\"173px 0px\" data-680=\"173px 0px\">\n\t<div class=\"mkdf-eh-item-inner\">\n\t\t<div class=\"mkdf-eh-item-content mkdf-eh-custom-4590\" style=\"padding: 273px 0px\">\n\t\t\t<div class=\"mkdf-section-title-holder  mkdf-st-standard mkdf-st- mkdf-st-normal-space \" style=\"text-align: center\">\n\t<div class=\"mkdf-st-inner\">\n\t\t\t\t\t<h1 class=\"mkdf-st-title\" style=\"color: #ffffff\">\n\t\t\t\tOrnithologie 3D<br \/>\t\t\t<\/h1>\n\t\t\t\t\t<\/div>\n<\/div>\t\t<\/div>\n\t<\/div>\n<\/div><\/div>[\/vc_column][\/vc_row][vc_row row_content_width=&#8221;grid&#8221; css=&#8221;.vc_custom_1619882612058{padding-top: 80px !important;padding-bottom: 180px !important;}&#8221; simple_background_color=&#8221;#e0e5e8&#8243;][vc_column][vc_column_text]Projet personnel sur la mod\u00e9lisation, la texture et l&#8217;\u00e9clairage d&#8217;oiseaux en 3D.<br \/>\nJe voulais faire un projet techniquement tr\u00e8s complexe, c&#8217;est pourquoi j&#8217;ai choisi de r\u00e9aliser des animaux et particuli\u00e8rement des oiseaux dont les plumes sont tr\u00e8s difficiles \u00e0 faire en 3D. De plus je voulais r\u00e9aliser un sujet en rapport avec la nature, sujet peu abord\u00e9 en 3D.<\/p>\n<p>Ce projet m&#8217;a valu les honneurs de plusieurs magazines et sites internet dont 80.lvl, le magazine officiel d&#8217;Adobe \u00e0 consacr\u00e9 un <u><a href=\"https:\/\/substance3d.adobe.com\/magazine\/guiding-light-creating-photorealistic-nature\/\">article d\u00e9taill\u00e9 sur la cr\u00e9ation de ce projet<\/a><\/u>.<\/p>\n<p>Pour ce projet j&#8217;ai notamment utilis\u00e9 les logiciels Cinema 4D, Octane Render, Substance Painter.[\/vc_column_text][vc_empty_space height=&#8221;16&#8243;][vc_single_image image=&#8221;3969&#8243; img_size=&#8221;full&#8221; alignment=&#8221;center&#8221;][vc_empty_space height=&#8221;16&#8243;][vc_single_image image=&#8221;3970&#8243; img_size=&#8221;full&#8221; alignment=&#8221;center&#8221;][vc_empty_space height=&#8221;16&#8243;][vc_single_image image=&#8221;3971&#8243; img_size=&#8221;full&#8221; alignment=&#8221;center&#8221; css=&#8221;.vc_custom_1651322031293{background-image: url(https:\/\/olivierbeaugrand.com\/wp-content\/uploads\/2022\/04\/ROUGE_GORGE_-_B_-_06OctaneCamera_8_0241-copie.jpg?id=3971) !important;}&#8221;][vc_empty_space height=&#8221;16&#8243;][vc_column_text]Maxon utilise une des images de ce projet pour promouvoir Cinema 4D; cette image appara\u00eet lors du lancement du logiciel.[\/vc_column_text][vc_empty_space height=&#8221;16&#8243;][vc_single_image image=&#8221;4367&#8243; img_size=&#8221;full&#8221; alignment=&#8221;center&#8221; css=&#8221;.vc_custom_1698136768953{background-image: url(https:\/\/olivierbeaugrand.com\/wp-content\/uploads\/2022\/04\/ROUGE_GORGE_-_B_-_06OctaneCamera_8_0241-copie.jpg?id=3971) !important;}&#8221;][\/vc_column][\/vc_row][vc_row lvca_dark_bg=&#8221;true&#8221; simple_background_color=&#8221;#dbe3e9&#8243;][vc_column]<div class=\"mkdf-elements-holder   mkdf-one-column  mkdf-responsive-mode-768 \" ><div class=\"mkdf-eh-item   mkdf-horizontal-alignment-center \" style=\"background-image: url(https:\/\/olivierbeaugrand.com\/wp-content\/uploads\/2022\/04\/plumes_0012.jpg)\" data-item-class=\"mkdf-eh-custom-3281\" data-1367-1600=\"223px 0px\" data-1025-1366=\"173px 0px\" data-769-1024=\"173px 0px\" data-681-768=\"173px 0px\" data-680=\"173px 0px\">\n\t<div class=\"mkdf-eh-item-inner\">\n\t\t<div class=\"mkdf-eh-item-content mkdf-eh-custom-3281\" style=\"padding: 273px 0px\">\n\t\t\t<div class=\"mkdf-section-title-holder  mkdf-st-standard mkdf-st- mkdf-st-normal-space \" style=\"text-align: center\">\n\t<div class=\"mkdf-st-inner\">\n\t\t\t\t\t<h1 class=\"mkdf-st-title\" style=\"color: #ffffff\">\n\t\t\t\tMaking Of<br \/>\t\t\t<\/h1>\n\t\t\t\t\t<\/div>\n<\/div>\t\t<\/div>\n\t<\/div>\n<\/div><\/div>[\/vc_column][\/vc_row][vc_row row_content_width=&#8221;grid&#8221; css=&#8221;.vc_custom_1619882612058{padding-top: 80px !important;padding-bottom: 180px !important;}&#8221; simple_background_color=&#8221;#e0e5e8&#8243;][vc_column][vc_column_text]Une explication d\u00e9taill\u00e9e du processus de cr\u00e9ation est disponible <u><a href=\"https:\/\/substance3d.adobe.com\/magazine\/guiding-lihttps:\/\/substance3d.adobe.com\/magazine\/guiding-light-creating-photorealistic-nature\/ght-creating-photorealistic-nature\/\">\u00e0 cette adresse<\/a><\/u>.[\/vc_column_text][vc_empty_space height=&#8221;16&#8243;][vc_single_image image=&#8221;4409&#8243; img_size=&#8221;full&#8221; alignment=&#8221;center&#8221;][vc_empty_space height=&#8221;16&#8243;][vc_single_image image=&#8221;3972&#8243; img_size=&#8221;full&#8221; alignment=&#8221;center&#8221;][vc_empty_space height=&#8221;16&#8243;][vc_single_image image=&#8221;3973&#8243; img_size=&#8221;full&#8221; alignment=&#8221;center&#8221;][vc_empty_space height=&#8221;16&#8243;][vc_single_image image=&#8221;3974&#8243; img_size=&#8221;full&#8221; alignment=&#8221;center&#8221;][vc_empty_space height=&#8221;16&#8243;][vc_single_image image=&#8221;3975&#8243; img_size=&#8221;full&#8221; alignment=&#8221;center&#8221;][\/vc_column][\/vc_row][vc_row row_content_width=&#8221;grid&#8221; css=&#8221;.vc_custom_1619882612058{padding-top: 80px !important;padding-bottom: 180px !important;}&#8221; simple_background_color=&#8221;#e0e5e8&#8243;][vc_column][vc_empty_space height=&#8221;250&#8243;][\/vc_column][\/vc_row][vc_row lvca_dark_bg=&#8221;true&#8221; simple_background_color=&#8221;#dbe3e9&#8243;][vc_column]<div class=\"mkdf-elements-holder   mkdf-one-column  mkdf-responsive-mode-768 \" ><div class=\"mkdf-eh-item   mkdf-horizontal-alignment-center \" style=\"background-image: url(https:\/\/olivierbeaugrand.com\/wp-content\/uploads\/2022\/04\/plumes_0011.jpg)\" data-item-class=\"mkdf-eh-custom-4743\" data-1367-1600=\"223px 0px\" data-1025-1366=\"173px 0px\" data-769-1024=\"173px 0px\" data-681-768=\"173px 0px\" data-680=\"173px 0px\">\n\t<div class=\"mkdf-eh-item-inner\">\n\t\t<div class=\"mkdf-eh-item-content mkdf-eh-custom-4743\" style=\"padding: 273px 0px\">\n\t\t\t<div class=\"mkdf-section-title-holder  mkdf-st-standard mkdf-st- mkdf-st-normal-space \" style=\"text-align: center\">\n\t<div class=\"mkdf-st-inner\">\n\t\t\t\t\t<h1 class=\"mkdf-st-title\" style=\"color: #ffffff\">\n\t\t\t\tVid\u00e9o\t\t\t<\/h1>\n\t\t\t\t\t<\/div>\n<\/div>\t\t<\/div>\n\t<\/div>\n<\/div><\/div>[\/vc_column][\/vc_row][vc_row row_content_width=&#8221;grid&#8221; css=&#8221;.vc_custom_1619882612058{padding-top: 80px !important;padding-bottom: 180px !important;}&#8221; simple_background_color=&#8221;#e0e5e8&#8243;][vc_column][vc_video link=&#8221;https:\/\/vimeo.com\/583303908&#8243;][vc_empty_space height=&#8221;16&#8243;][\/vc_column][\/vc_row][vc_row row_content_width=&#8221;grid&#8221; css=&#8221;.vc_custom_1539875718317{padding-top: 180px !important;padding-bottom: 180px !important;}&#8221;][vc_column]<div class=\"mkdf-call-to-action-holder \">\n\t<div class=\"mkdf-cta-inner\" >\n\t\t<div class=\"mkdf-cta-text-holder\">\n\t\t\t<div class=\"mkdf-cta-text\">\n<h3>If you enjoy our work, feel free to contact us!<\/h3>\n<\/div>\n\t\t<\/div>\n                    <a itemprop=\"url\" href=\"https:\/\/olivierbeaugrand.com\/index.php\/contact-us\/\" target=\"_self\" class=\"mkdf-cta-button-holder\">\n                <div class=\"mkdf-cta-button-inner\">\n                    <div class=\"mkdf-cta-button\">\n                        <span class=\"arrow_right\"><\/span>\n                    <\/div>\n                <\/div>\n            <\/a>\n        \t<\/div>\n<\/div>[\/vc_column][vc_column][\/vc_column][\/vc_row]<\/p>\n","protected":false},"excerpt":{"rendered":"<p>[vc_row lvca_dark_bg=&#8221;true&#8221; simple_background_color=&#8221;#dbe3e9&#8243;][vc_column][\/vc_column][\/vc_row][vc_row row_content_width=&#8221;grid&#8221; css=&#8221;.vc_custom_1619882612058{padding-top: 80px !important;padding-bottom: 180px !important;}&#8221; simple_background_color=&#8221;#e0e5e8&#8243;][vc_column][vc_column_text]Projet personnel sur la mod\u00e9lisation, la texture et l&#8217;\u00e9clairage d&#8217;oiseaux en 3D. Je voulais faire un projet techniquement tr\u00e8s complexe, c&#8217;est pourquoi j&#8217;ai choisi de r\u00e9aliser des animaux et particuli\u00e8rement des oiseaux dont les plumes sont tr\u00e8s difficiles \u00e0 faire en 3D. De plus je voulais r\u00e9aliser [&hellip;]<\/p>\n","protected":false},"author":1,"featured_media":0,"parent":0,"menu_order":0,"comment_status":"closed","ping_status":"closed","template":"full-width.php","meta":{"tpgb_global_settings":"","pgc_sgb_lightbox_settings":"","footnotes":""},"class_list":["post-3967","page","type-page","status-publish","hentry"],"tpgb_featured_images":null,"tpgb_post_meta_info":{"get_date":"30 April 2022","get_modified_date":"29 January 2024","author_name":"admin6889","author_url":"https:\/\/olivierbeaugrand.com\/index.php\/author\/admin6889\/","author_email":"olivierbeaugrand@live.com","author_website":"http:\/\/olivierbeaugrand.com","author_description":"","author_facebook":"","author_twitter":"","author_instagram":"","author_role":["administrator"],"author_firstname":"","author_lastname":"","user_login":"admin6889","author_avatar":"<img alt='' src='https:\/\/secure.gravatar.com\/avatar\/fbd75701553054cea1c09b841228b1c557bd5f292805dc0ee33c7d62685b5fd7?s=200&#038;d=mm&#038;r=g' srcset='https:\/\/secure.gravatar.com\/avatar\/fbd75701553054cea1c09b841228b1c557bd5f292805dc0ee33c7d62685b5fd7?s=400&#038;d=mm&#038;r=g 2x' class='avatar avatar-200 photo' height='200' width='200' loading='lazy' decoding='async'\/>","author_avatar_url":"https:\/\/secure.gravatar.com\/avatar\/fbd75701553054cea1c09b841228b1c557bd5f292805dc0ee33c7d62685b5fd7?s=96&d=mm&r=g","comment_count":0,"post_likes":0,"post_views":0},"tpgb_post_category":[],"_links":{"self":[{"href":"https:\/\/olivierbeaugrand.com\/index.php\/wp-json\/wp\/v2\/pages\/3967","targetHints":{"allow":["GET"]}}],"collection":[{"href":"https:\/\/olivierbeaugrand.com\/index.php\/wp-json\/wp\/v2\/pages"}],"about":[{"href":"https:\/\/olivierbeaugrand.com\/index.php\/wp-json\/wp\/v2\/types\/page"}],"author":[{"embeddable":true,"href":"https:\/\/olivierbeaugrand.com\/index.php\/wp-json\/wp\/v2\/users\/1"}],"replies":[{"embeddable":true,"href":"https:\/\/olivierbeaugrand.com\/index.php\/wp-json\/wp\/v2\/comments?post=3967"}],"version-history":[{"count":7,"href":"https:\/\/olivierbeaugrand.com\/index.php\/wp-json\/wp\/v2\/pages\/3967\/revisions"}],"predecessor-version":[{"id":4410,"href":"https:\/\/olivierbeaugrand.com\/index.php\/wp-json\/wp\/v2\/pages\/3967\/revisions\/4410"}],"wp:attachment":[{"href":"https:\/\/olivierbeaugrand.com\/index.php\/wp-json\/wp\/v2\/media?parent=3967"}],"curies":[{"name":"wp","href":"https:\/\/api.w.org\/{rel}","templated":true}]}}