

{"id":3987,"date":"2022-04-30T14:54:26","date_gmt":"2022-04-30T12:54:26","guid":{"rendered":"https:\/\/olivierbeaugrand.com\/?page_id=3987"},"modified":"2022-04-30T14:54:26","modified_gmt":"2022-04-30T12:54:26","slug":"connect-hers","status":"publish","type":"page","link":"https:\/\/olivierbeaugrand.com\/index.php\/connect-hers\/","title":{"rendered":"Connect Hers"},"content":{"rendered":"<p>[vc_row lvca_dark_bg=&#8221;true&#8221; simple_background_color=&#8221;#000000&#8243;][vc_column]<div class=\"mkdf-elements-holder   mkdf-one-column  mkdf-responsive-mode-768 \" ><div class=\"mkdf-eh-item   mkdf-horizontal-alignment-center \" style=\"background-image: url(https:\/\/olivierbeaugrand.com\/wp-content\/uploads\/2022\/04\/CH_-_Portfolio_-_04_0072.jpg)\" data-item-class=\"mkdf-eh-custom-7076\" data-1367-1600=\"223px 0px\" data-1025-1366=\"173px 0px\" data-769-1024=\"173px 0px\" data-681-768=\"173px 0px\" data-680=\"173px 0px\">\n\t<div class=\"mkdf-eh-item-inner\">\n\t\t<div class=\"mkdf-eh-item-content mkdf-eh-custom-7076\" style=\"padding: 273px 0px\">\n\t\t\t<div class=\"mkdf-section-title-holder  mkdf-st-standard mkdf-st- mkdf-st-normal-space \" style=\"text-align: center\">\n\t<div class=\"mkdf-st-inner\">\n\t\t\t\t\t<h1 class=\"mkdf-st-title\" style=\"color: #189f92\">\n\t\t\t\tConnect Hers<br \/>\t\t\t<\/h1>\n\t\t\t\t\t<\/div>\n<\/div>\t\t<\/div>\n\t<\/div>\n<\/div><\/div>[\/vc_column][\/vc_row][vc_row row_content_width=&#8221;grid&#8221; css=&#8221;.vc_custom_1623422406482{padding-top: 80px !important;padding-bottom: 180px !important;}&#8221; simple_background_color=&#8221;#e0e5e8&#8243;][vc_column][vc_column_text]Connect Hers est un programme de BNP Paribas visant \u00e0 accompagner les femmes dans leurs projets entrepreneuriaux, \u00e0 mettre en place les conditions de leur r\u00e9ussite et \u00e0 promouvoir l\u2019\u00e9galit\u00e9 hommes-femmes.<\/p>\n<p>J&#8217;ai cr\u00e9\u00e9 le court g\u00e9n\u00e9rique d&#8217;une vid\u00e9o d\u00e9taillant les divers avantages du programme Connect Hers.<br \/>\nLogiciels utilis\u00e9s : After Effects, Cinema 4D &amp; Octane.[\/vc_column_text][vc_empty_space height=&#8221;32&#8243;][vc_video link=&#8221;https:\/\/vimeo.com\/583254853&#8243; align=&#8221;center&#8221;][\/vc_column][\/vc_row][vc_row content_text_aligment=&#8221;center&#8221; css=&#8221;.vc_custom_1623422507027{padding-top: 60px !important;padding-bottom: 60px !important;}&#8221; simple_background_color=&#8221;#e0e5e8&#8243;][vc_column]<div class=\"mkdf-section-title-holder  mkdf-st-standard mkdf-st- mkdf-st-normal-space \" style=\"text-align: center\">\n\t<div class=\"mkdf-st-inner\">\n\t\t\t\t\t<h1 class=\"mkdf-st-title\" style=\"color: #000000\">\n\t\t\t\tRecherches<br \/> Graphiques\t\t\t<\/h1>\n\t\t\t\t\t<\/div>\n<\/div>[\/vc_column][\/vc_row][vc_row row_content_width=&#8221;grid&#8221; css=&#8221;.vc_custom_1623422495502{padding-top: 180px !important;padding-bottom: 16px !important;}&#8221; simple_background_color=&#8221;#e0e5e8&#8243;][vc_column][vc_single_image image=&#8221;3989&#8243; img_size=&#8221;full&#8221; alignment=&#8221;center&#8221;][vc_empty_space height=&#8221;16&#8243;][vc_single_image image=&#8221;3990&#8243; img_size=&#8221;full&#8221; alignment=&#8221;center&#8221;][vc_empty_space height=&#8221;16&#8243;][vc_single_image image=&#8221;3991&#8243; img_size=&#8221;full&#8221; alignment=&#8221;center&#8221;][vc_empty_space height=&#8221;16&#8243;][\/vc_column][\/vc_row]<\/p>\n","protected":false},"excerpt":{"rendered":"<p>[vc_row lvca_dark_bg=&#8221;true&#8221; simple_background_color=&#8221;#000000&#8243;][vc_column][\/vc_column][\/vc_row][vc_row row_content_width=&#8221;grid&#8221; css=&#8221;.vc_custom_1623422406482{padding-top: 80px !important;padding-bottom: 180px !important;}&#8221; simple_background_color=&#8221;#e0e5e8&#8243;][vc_column][vc_column_text]Connect Hers est un programme de BNP Paribas visant \u00e0 accompagner les femmes dans leurs projets entrepreneuriaux, \u00e0 mettre en place les conditions de leur r\u00e9ussite et \u00e0 promouvoir l\u2019\u00e9galit\u00e9 hommes-femmes. J&#8217;ai cr\u00e9\u00e9 le court g\u00e9n\u00e9rique d&#8217;une vid\u00e9o d\u00e9taillant les divers avantages du programme Connect Hers. Logiciels [&hellip;]<\/p>\n","protected":false},"author":1,"featured_media":0,"parent":0,"menu_order":0,"comment_status":"closed","ping_status":"closed","template":"full-width.php","meta":{"tpgb_global_settings":"","pgc_sgb_lightbox_settings":"","footnotes":""},"class_list":["post-3987","page","type-page","status-publish","hentry"],"tpgb_featured_images":null,"tpgb_post_meta_info":{"get_date":"30 April 2022","get_modified_date":"30 April 2022","author_name":"admin6889","author_url":"https:\/\/olivierbeaugrand.com\/index.php\/author\/admin6889\/","author_email":"olivierbeaugrand@live.com","author_website":"http:\/\/olivierbeaugrand.com","author_description":"","author_facebook":"","author_twitter":"","author_instagram":"","author_role":["administrator"],"author_firstname":"","author_lastname":"","user_login":"admin6889","author_avatar":"<img alt='' src='https:\/\/secure.gravatar.com\/avatar\/fbd75701553054cea1c09b841228b1c557bd5f292805dc0ee33c7d62685b5fd7?s=200&#038;d=mm&#038;r=g' srcset='https:\/\/secure.gravatar.com\/avatar\/fbd75701553054cea1c09b841228b1c557bd5f292805dc0ee33c7d62685b5fd7?s=400&#038;d=mm&#038;r=g 2x' class='avatar avatar-200 photo' height='200' width='200' loading='lazy' decoding='async'\/>","author_avatar_url":"https:\/\/secure.gravatar.com\/avatar\/fbd75701553054cea1c09b841228b1c557bd5f292805dc0ee33c7d62685b5fd7?s=96&d=mm&r=g","comment_count":0,"post_likes":0,"post_views":0},"tpgb_post_category":[],"_links":{"self":[{"href":"https:\/\/olivierbeaugrand.com\/index.php\/wp-json\/wp\/v2\/pages\/3987","targetHints":{"allow":["GET"]}}],"collection":[{"href":"https:\/\/olivierbeaugrand.com\/index.php\/wp-json\/wp\/v2\/pages"}],"about":[{"href":"https:\/\/olivierbeaugrand.com\/index.php\/wp-json\/wp\/v2\/types\/page"}],"author":[{"embeddable":true,"href":"https:\/\/olivierbeaugrand.com\/index.php\/wp-json\/wp\/v2\/users\/1"}],"replies":[{"embeddable":true,"href":"https:\/\/olivierbeaugrand.com\/index.php\/wp-json\/wp\/v2\/comments?post=3987"}],"version-history":[{"count":1,"href":"https:\/\/olivierbeaugrand.com\/index.php\/wp-json\/wp\/v2\/pages\/3987\/revisions"}],"predecessor-version":[{"id":3992,"href":"https:\/\/olivierbeaugrand.com\/index.php\/wp-json\/wp\/v2\/pages\/3987\/revisions\/3992"}],"wp:attachment":[{"href":"https:\/\/olivierbeaugrand.com\/index.php\/wp-json\/wp\/v2\/media?parent=3987"}],"curies":[{"name":"wp","href":"https:\/\/api.w.org\/{rel}","templated":true}]}}