

{"id":4062,"date":"2022-05-01T05:55:09","date_gmt":"2022-05-01T03:55:09","guid":{"rendered":"https:\/\/olivierbeaugrand.com\/?page_id=4062"},"modified":"2022-05-01T06:01:34","modified_gmt":"2022-05-01T04:01:34","slug":"miss-sudoku","status":"publish","type":"page","link":"https:\/\/olivierbeaugrand.com\/index.php\/miss-sudoku\/","title":{"rendered":"Miss Sudoku"},"content":{"rendered":"<p>[vc_row lvca_dark_bg=&#8221;true&#8221; simple_background_color=&#8221;#dbe3e9&#8243;][vc_column]<div class=\"mkdf-elements-holder   mkdf-one-column  mkdf-responsive-mode-768 \" ><div class=\"mkdf-eh-item   mkdf-horizontal-alignment-center \" style=\"background-image: url(https:\/\/olivierbeaugrand.com\/wp-content\/uploads\/2022\/05\/header-d.jpg)\" data-item-class=\"mkdf-eh-custom-4836\" data-1367-1600=\"223px 0px\" data-1025-1366=\"173px 0px\" data-769-1024=\"173px 0px\" data-681-768=\"173px 0px\" data-680=\"173px 0px\">\n\t<div class=\"mkdf-eh-item-inner\">\n\t\t<div class=\"mkdf-eh-item-content mkdf-eh-custom-4836\" style=\"padding: 273px 0px\">\n\t\t\t<div class=\"mkdf-section-title-holder  mkdf-st-standard mkdf-st- mkdf-st-normal-space \" style=\"text-align: center\">\n\t<div class=\"mkdf-st-inner\">\n\t\t\t\t\t<h1 class=\"mkdf-st-title\" style=\"color: #ffffff\">\n\t\t\t\tMiss Sudoku<br \/>\t\t\t<\/h1>\n\t\t\t\t\t<\/div>\n<\/div>\t\t<\/div>\n\t<\/div>\n<\/div><\/div>[\/vc_column][\/vc_row][vc_row row_content_width=&#8221;grid&#8221; css=&#8221;.vc_custom_1619882612058{padding-top: 80px !important;padding-bottom: 180px !important;}&#8221; simple_background_color=&#8221;#e0e5e8&#8243;][vc_column][vc_column_text]J&#8217;ai \u00e9t\u00e9 contact\u00e9 pour participer \u00e0 la seconde \u00e9dition du projet Miss Sudoku.<br \/>\nChacun des 49 artistes 3D s\u00e9lectionn\u00e9 avait pour consigne de cr\u00e9er une image 3D, seule la couleur \u00e9tait impos\u00e9e.<br \/>\nApr\u00e8s avoir h\u00e9sit\u00e9 entre cr\u00e9er un animal 3D ou une nature morte, j&#8217;ai finalement opt\u00e9 pour la seconde solution pour une question de temps. L&#8217;image a \u00e9t\u00e9 cr\u00e9\u00e9e \u00e0 l&#8217;aide de Cinema 4D, Octane Render et Substance Painter.<\/p>\n<p>Vous pouvez retrouver l&#8217;int\u00e9gralit\u00e9 des images cr\u00e9\u00e9es pour Miss Sudoku \u00e0 <u> <a href=\"https:\/\/mrssudoku.com\/\">cette adresse<\/a><\/u>.[\/vc_column_text][vc_empty_space height=&#8221;16&#8243;][vc_single_image image=&#8221;4065&#8243; img_size=&#8221;full&#8221; alignment=&#8221;center&#8221;][vc_empty_space height=&#8221;16&#8243;][vc_single_image image=&#8221;4067&#8243; img_size=&#8221;full&#8221; alignment=&#8221;center&#8221;][vc_empty_space height=&#8221;16&#8243;][vc_single_image image=&#8221;4068&#8243; img_size=&#8221;full&#8221; alignment=&#8221;center&#8221;][vc_empty_space height=&#8221;16&#8243;][vc_single_image image=&#8221;4069&#8243; img_size=&#8221;full&#8221; alignment=&#8221;center&#8221;][vc_empty_space height=&#8221;16&#8243;][vc_single_image image=&#8221;4070&#8243; img_size=&#8221;full&#8221; alignment=&#8221;center&#8221;][vc_empty_space height=&#8221;16&#8243;][vc_single_image image=&#8221;4071&#8243; img_size=&#8221;full&#8221; alignment=&#8221;center&#8221;][vc_empty_space height=&#8221;16&#8243;][vc_single_image image=&#8221;4072&#8243; img_size=&#8221;full&#8221; alignment=&#8221;center&#8221;][vc_empty_space height=&#8221;16&#8243;][\/vc_column][\/vc_row]<\/p>\n","protected":false},"excerpt":{"rendered":"<p>[vc_row lvca_dark_bg=&#8221;true&#8221; simple_background_color=&#8221;#dbe3e9&#8243;][vc_column][\/vc_column][\/vc_row][vc_row row_content_width=&#8221;grid&#8221; css=&#8221;.vc_custom_1619882612058{padding-top: 80px !important;padding-bottom: 180px !important;}&#8221; simple_background_color=&#8221;#e0e5e8&#8243;][vc_column][vc_column_text]J&#8217;ai \u00e9t\u00e9 contact\u00e9 pour participer \u00e0 la seconde \u00e9dition du projet Miss Sudoku. Chacun des 49 artistes 3D s\u00e9lectionn\u00e9 avait pour consigne de cr\u00e9er une image 3D, seule la couleur \u00e9tait impos\u00e9e. Apr\u00e8s avoir h\u00e9sit\u00e9 entre cr\u00e9er un animal 3D ou une nature morte, j&#8217;ai finalement opt\u00e9 [&hellip;]<\/p>\n","protected":false},"author":1,"featured_media":0,"parent":0,"menu_order":0,"comment_status":"closed","ping_status":"closed","template":"full-width.php","meta":{"tpgb_global_settings":"","pgc_sgb_lightbox_settings":"","footnotes":""},"class_list":["post-4062","page","type-page","status-publish","hentry"],"tpgb_featured_images":null,"tpgb_post_meta_info":{"get_date":"1 May 2022","get_modified_date":"1 May 2022","author_name":"admin6889","author_url":"https:\/\/olivierbeaugrand.com\/index.php\/author\/admin6889\/","author_email":"olivierbeaugrand@live.com","author_website":"http:\/\/olivierbeaugrand.com","author_description":"","author_facebook":"","author_twitter":"","author_instagram":"","author_role":["administrator"],"author_firstname":"","author_lastname":"","user_login":"admin6889","author_avatar":"<img alt='' src='https:\/\/secure.gravatar.com\/avatar\/fbd75701553054cea1c09b841228b1c557bd5f292805dc0ee33c7d62685b5fd7?s=200&#038;d=mm&#038;r=g' srcset='https:\/\/secure.gravatar.com\/avatar\/fbd75701553054cea1c09b841228b1c557bd5f292805dc0ee33c7d62685b5fd7?s=400&#038;d=mm&#038;r=g 2x' class='avatar avatar-200 photo' height='200' width='200' loading='lazy' decoding='async'\/>","author_avatar_url":"https:\/\/secure.gravatar.com\/avatar\/fbd75701553054cea1c09b841228b1c557bd5f292805dc0ee33c7d62685b5fd7?s=96&d=mm&r=g","comment_count":0,"post_likes":0,"post_views":0},"tpgb_post_category":[],"_links":{"self":[{"href":"https:\/\/olivierbeaugrand.com\/index.php\/wp-json\/wp\/v2\/pages\/4062","targetHints":{"allow":["GET"]}}],"collection":[{"href":"https:\/\/olivierbeaugrand.com\/index.php\/wp-json\/wp\/v2\/pages"}],"about":[{"href":"https:\/\/olivierbeaugrand.com\/index.php\/wp-json\/wp\/v2\/types\/page"}],"author":[{"embeddable":true,"href":"https:\/\/olivierbeaugrand.com\/index.php\/wp-json\/wp\/v2\/users\/1"}],"replies":[{"embeddable":true,"href":"https:\/\/olivierbeaugrand.com\/index.php\/wp-json\/wp\/v2\/comments?post=4062"}],"version-history":[{"count":3,"href":"https:\/\/olivierbeaugrand.com\/index.php\/wp-json\/wp\/v2\/pages\/4062\/revisions"}],"predecessor-version":[{"id":4073,"href":"https:\/\/olivierbeaugrand.com\/index.php\/wp-json\/wp\/v2\/pages\/4062\/revisions\/4073"}],"wp:attachment":[{"href":"https:\/\/olivierbeaugrand.com\/index.php\/wp-json\/wp\/v2\/media?parent=4062"}],"curies":[{"name":"wp","href":"https:\/\/api.w.org\/{rel}","templated":true}]}}