

{"id":4398,"date":"2023-12-27T15:20:13","date_gmt":"2023-12-27T14:20:13","guid":{"rendered":"https:\/\/olivierbeaugrand.com\/?page_id=4398"},"modified":"2023-12-27T15:20:21","modified_gmt":"2023-12-27T14:20:21","slug":"scifi","status":"publish","type":"page","link":"https:\/\/olivierbeaugrand.com\/index.php\/scifi\/","title":{"rendered":"Hennessy"},"content":{"rendered":"<p>[vc_row lvca_dark_bg=&#8221;true&#8221; simple_background_color=&#8221;#000000&#8243;][vc_column]<div class=\"mkdf-elements-holder   mkdf-one-column  mkdf-responsive-mode-768 \" ><div class=\"mkdf-eh-item   mkdf-horizontal-alignment-center \" style=\"background-image: url(https:\/\/olivierbeaugrand.com\/wp-content\/uploads\/2022\/04\/hennessy_0008-copie.jpg)\" data-item-class=\"mkdf-eh-custom-8960\" data-1367-1600=\"223px 0px\" data-1025-1366=\"173px 0px\" data-769-1024=\"173px 0px\" data-681-768=\"173px 0px\" data-680=\"173px 0px\">\n\t<div class=\"mkdf-eh-item-inner\">\n\t\t<div class=\"mkdf-eh-item-content mkdf-eh-custom-8960\" style=\"padding: 273px 0px\">\n\t\t\t<div class=\"mkdf-section-title-holder  mkdf-st-standard mkdf-st- mkdf-st-normal-space \" style=\"text-align: center\">\n\t<div class=\"mkdf-st-inner\">\n\t\t\t\t\t<h1 class=\"mkdf-st-title\" style=\"color: #ffffff\">\n\t\t\t\tSCIFI\t\t\t<\/h1>\n\t\t\t\t\t<\/div>\n<\/div>\t\t<\/div>\n\t<\/div>\n<\/div><\/div>[\/vc_column][\/vc_row][vc_row row_content_width=&#8221;grid&#8221; css=&#8221;.vc_custom_1619956442855{padding-top: 80px !important;padding-bottom: 180px !important;}&#8221; simple_background_color=&#8221;#000000&#8243;][vc_column][vc_column_text]<span style=\"color: #ffffff;\">J&#8217;ai cr\u00e9\u00e9 pour le compte de Fred &amp; Farid de nombreuses affiches pour des campagnes de publicit\u00e9 d\u2019Hennessy aux Etats-Unis.<\/span>[\/vc_column_text][vc_empty_space height=&#8221;32&#8243;][vc_single_image image=&#8221;4399&#8243; img_size=&#8221;full&#8221; alignment=&#8221;center&#8221;][\/vc_column][\/vc_row]<\/p>\n","protected":false},"excerpt":{"rendered":"<p>[vc_row lvca_dark_bg=&#8221;true&#8221; simple_background_color=&#8221;#000000&#8243;][vc_column][\/vc_column][\/vc_row][vc_row row_content_width=&#8221;grid&#8221; css=&#8221;.vc_custom_1619956442855{padding-top: 80px !important;padding-bottom: 180px !important;}&#8221; simple_background_color=&#8221;#000000&#8243;][vc_column][vc_column_text]J&#8217;ai cr\u00e9\u00e9 pour le compte de Fred &amp; Farid de nombreuses affiches pour des campagnes de publicit\u00e9 d\u2019Hennessy aux Etats-Unis.[\/vc_column_text][vc_empty_space height=&#8221;32&#8243;][vc_single_image image=&#8221;4399&#8243; img_size=&#8221;full&#8221; alignment=&#8221;center&#8221;][\/vc_column][\/vc_row]<\/p>\n","protected":false},"author":1,"featured_media":4399,"parent":0,"menu_order":0,"comment_status":"closed","ping_status":"closed","template":"full-width.php","meta":{"tpgb_global_settings":"","pgc_sgb_lightbox_settings":"","footnotes":""},"class_list":["post-4398","page","type-page","status-publish","has-post-thumbnail","hentry"],"tpgb_featured_images":{"full":["https:\/\/olivierbeaugrand.com\/wp-content\/uploads\/2023\/12\/momentorRobotA-copie-scaled.jpg",2194,2560,false],"tp-image-grid":["https:\/\/olivierbeaugrand.com\/wp-content\/uploads\/2023\/12\/momentorRobotA-copie-scaled.jpg",600,700,false],"thumbnail":["https:\/\/olivierbeaugrand.com\/wp-content\/uploads\/2023\/12\/momentorRobotA-copie-150x150.jpg",150,150,true],"medium":["https:\/\/olivierbeaugrand.com\/wp-content\/uploads\/2023\/12\/momentorRobotA-copie-257x300.jpg",257,300,true],"medium_large":["https:\/\/olivierbeaugrand.com\/wp-content\/uploads\/2023\/12\/momentorRobotA-copie-768x896.jpg",768,896,true],"large":["https:\/\/olivierbeaugrand.com\/wp-content\/uploads\/2023\/12\/momentorRobotA-copie-878x1024.jpg",878,1024,true],"default":"https:\/\/olivierbeaugrand.com\/wp-content\/plugins\/the-plus-addons-for-block-editor\/assets\/images\/tpgb-placeholder.jpg"},"tpgb_post_meta_info":{"get_date":"27 December 2023","get_modified_date":"27 December 2023","author_name":"admin6889","author_url":"https:\/\/olivierbeaugrand.com\/index.php\/author\/admin6889\/","author_email":"olivierbeaugrand@live.com","author_website":"http:\/\/olivierbeaugrand.com","author_description":"","author_facebook":"","author_twitter":"","author_instagram":"","author_role":["administrator"],"author_firstname":"","author_lastname":"","user_login":"admin6889","author_avatar":"<img alt='' src='https:\/\/secure.gravatar.com\/avatar\/fbd75701553054cea1c09b841228b1c557bd5f292805dc0ee33c7d62685b5fd7?s=200&#038;d=mm&#038;r=g' srcset='https:\/\/secure.gravatar.com\/avatar\/fbd75701553054cea1c09b841228b1c557bd5f292805dc0ee33c7d62685b5fd7?s=400&#038;d=mm&#038;r=g 2x' class='avatar avatar-200 photo' height='200' width='200' loading='lazy' decoding='async'\/>","author_avatar_url":"https:\/\/secure.gravatar.com\/avatar\/fbd75701553054cea1c09b841228b1c557bd5f292805dc0ee33c7d62685b5fd7?s=96&d=mm&r=g","comment_count":0,"post_likes":0,"post_views":0},"tpgb_post_category":[],"_links":{"self":[{"href":"https:\/\/olivierbeaugrand.com\/index.php\/wp-json\/wp\/v2\/pages\/4398","targetHints":{"allow":["GET"]}}],"collection":[{"href":"https:\/\/olivierbeaugrand.com\/index.php\/wp-json\/wp\/v2\/pages"}],"about":[{"href":"https:\/\/olivierbeaugrand.com\/index.php\/wp-json\/wp\/v2\/types\/page"}],"author":[{"embeddable":true,"href":"https:\/\/olivierbeaugrand.com\/index.php\/wp-json\/wp\/v2\/users\/1"}],"replies":[{"embeddable":true,"href":"https:\/\/olivierbeaugrand.com\/index.php\/wp-json\/wp\/v2\/comments?post=4398"}],"version-history":[{"count":1,"href":"https:\/\/olivierbeaugrand.com\/index.php\/wp-json\/wp\/v2\/pages\/4398\/revisions"}],"predecessor-version":[{"id":4400,"href":"https:\/\/olivierbeaugrand.com\/index.php\/wp-json\/wp\/v2\/pages\/4398\/revisions\/4400"}],"wp:featuredmedia":[{"embeddable":true,"href":"https:\/\/olivierbeaugrand.com\/index.php\/wp-json\/wp\/v2\/media\/4399"}],"wp:attachment":[{"href":"https:\/\/olivierbeaugrand.com\/index.php\/wp-json\/wp\/v2\/media?parent=4398"}],"curies":[{"name":"wp","href":"https:\/\/api.w.org\/{rel}","templated":true}]}}