

{"id":4439,"date":"2024-01-30T06:58:05","date_gmt":"2024-01-30T05:58:05","guid":{"rendered":"https:\/\/olivierbeaugrand.com\/?page_id=4439"},"modified":"2024-01-30T07:00:24","modified_gmt":"2024-01-30T06:00:24","slug":"abeille","status":"publish","type":"page","link":"https:\/\/olivierbeaugrand.com\/index.php\/abeille\/","title":{"rendered":"ABEILLE 3D"},"content":{"rendered":"<p>[vc_row lvca_dark_bg=&#8221;true&#8221; simple_background_color=&#8221;#dbe3e9&#8243;][vc_column]<div class=\"mkdf-elements-holder   mkdf-one-column  mkdf-responsive-mode-768 \" ><div class=\"mkdf-eh-item   mkdf-horizontal-alignment-center \" style=\"background-image: url(https:\/\/olivierbeaugrand.com\/wp-content\/uploads\/2022\/04\/zen_header_0001.jpg)\" data-item-class=\"mkdf-eh-custom-9931\" data-1367-1600=\"223px 0px\" data-1025-1366=\"173px 0px\" data-769-1024=\"173px 0px\" data-681-768=\"173px 0px\" data-680=\"173px 0px\">\n\t<div class=\"mkdf-eh-item-inner\">\n\t\t<div class=\"mkdf-eh-item-content mkdf-eh-custom-9931\" style=\"padding: 273px 0px\">\n\t\t\t<div class=\"mkdf-section-title-holder  mkdf-st-standard mkdf-st- mkdf-st-normal-space \" style=\"text-align: center\">\n\t<div class=\"mkdf-st-inner\">\n\t\t\t\t\t<h1 class=\"mkdf-st-title\" style=\"color: #000000\">\n\t\t\t\tAbeille 3D<br \/>\t\t\t<\/h1>\n\t\t\t\t\t<\/div>\n<\/div>\t\t<\/div>\n\t<\/div>\n<\/div><\/div>[\/vc_column][\/vc_row][vc_row row_content_width=&#8221;grid&#8221; css=&#8221;.vc_custom_1623341410119{padding-top: 80px !important;padding-bottom: 80px !important;}&#8221; simple_background_color=&#8221;#e0e5e8&#8243;][vc_column][vc_column_text]BNP Paribas a lanc\u00e9 une carte \u00e0 cryptogramme dynamique\u00a0: le code change r\u00e9guli\u00e8rement pour une plus grande s\u00e9curit\u00e9.<br \/>\nJ\u2019ai cr\u00e9\u00e9 le visuel ainsi qu\u2019une animation pour montrer les b\u00e9n\u00e9fices de la carte.<\/p>\n<p>Logiciels utilis\u00e9s\u00a0: Cinema 4D, Octane<\/p>\n<p>[\/vc_column_text][vc_empty_space height=&#8221;16&#8243;][vc_single_image image=&#8221;4442&#8243; img_size=&#8221;full&#8221; alignment=&#8221;center&#8221;][vc_empty_space height=&#8221;16&#8243;][vc_single_image image=&#8221;4443&#8243; img_size=&#8221;full&#8221; alignment=&#8221;center&#8221;][vc_empty_space height=&#8221;16&#8243;][\/vc_column][\/vc_row][vc_row content_text_aligment=&#8221;center&#8221; css=&#8221;.vc_custom_1623341688598{padding-top: 60px !important;padding-bottom: 0px !important;}&#8221; simple_background_color=&#8221;#e0e5e8&#8243;][vc_column]<div class=\"mkdf-section-title-holder  mkdf-st-standard mkdf-st- mkdf-st-normal-space \" style=\"text-align: center\">\n\t<div class=\"mkdf-st-inner\">\n\t\t\t\t\t<h1 class=\"mkdf-st-title\" >\n\t\t\t\tVid\u00e9o\t\t\t<\/h1>\n\t\t\t\t\t<\/div>\n<\/div>[\/vc_column][\/vc_row][vc_row lvca_dark_bg=&#8221;true&#8221; simple_background_color=&#8221;#e0e5e8&#8243;][vc_column]<div class=\"mkdf-elements-holder   mkdf-one-column  mkdf-responsive-mode-768 \" ><div class=\"mkdf-eh-item   mkdf-horizontal-alignment-center \"  data-item-class=\"mkdf-eh-custom-5284\" data-1367-1600=\"223px 0px\" data-1025-1366=\"173px 0px\" data-769-1024=\"173px 0px\" data-681-768=\"173px 0px\" data-680=\"173px 0px\">\n\t<div class=\"mkdf-eh-item-inner\">\n\t\t<div class=\"mkdf-eh-item-content mkdf-eh-custom-5284\" style=\"padding: 273px 0px\">\n\t\t\t[vc_video link=&#8221;https:\/\/vimeo.com\/561296367&#8243; el_width=&#8221;90&#8243; align=&#8221;center&#8221;]\t\t<\/div>\n\t<\/div>\n<\/div><\/div>[\/vc_column][\/vc_row][vc_row content_text_aligment=&#8221;center&#8221; css=&#8221;.vc_custom_1539875685117{padding-top: 166px !important;padding-bottom: 158px !important;}&#8221;][vc_column]<div class=\"mkdf-section-title-holder  mkdf-st-standard mkdf-st- mkdf-st-normal-space \" style=\"text-align: center\">\n\t<div class=\"mkdf-st-inner\">\n\t\t\t\t\t<h1 class=\"mkdf-st-title\" >\n\t\t\t\tAutres<br \/> pistes\t\t\t<\/h1>\n\t\t\t\t\t<\/div>\n<\/div>[\/vc_column][\/vc_row][vc_row row_content_width=&#8221;grid&#8221; css=&#8221;.vc_custom_1539875718317{padding-top: 180px !important;padding-bottom: 180px !important;}&#8221;][vc_column]<div class=\"mkdf-call-to-action-holder \">\n\t<div class=\"mkdf-cta-inner\" >\n\t\t<div class=\"mkdf-cta-text-holder\">\n\t\t\t<div class=\"mkdf-cta-text\">\n<h3>If you enjoy our work, feel free to contact us!<\/h3>\n<\/div>\n\t\t<\/div>\n                    <a itemprop=\"url\" href=\"https:\/\/olivierbeaugrand.com\/index.php\/contact-us\/\" target=\"_self\" class=\"mkdf-cta-button-holder\">\n                <div class=\"mkdf-cta-button-inner\">\n                    <div class=\"mkdf-cta-button\">\n                        <span class=\"arrow_right\"><\/span>\n                    <\/div>\n                <\/div>\n            <\/a>\n        \t<\/div>\n<\/div>[\/vc_column][vc_column][\/vc_column][\/vc_row]<\/p>\n","protected":false},"excerpt":{"rendered":"<p>[vc_row lvca_dark_bg=&#8221;true&#8221; simple_background_color=&#8221;#dbe3e9&#8243;][vc_column][\/vc_column][\/vc_row][vc_row row_content_width=&#8221;grid&#8221; css=&#8221;.vc_custom_1623341410119{padding-top: 80px !important;padding-bottom: 80px !important;}&#8221; simple_background_color=&#8221;#e0e5e8&#8243;][vc_column][vc_column_text]BNP Paribas a lanc\u00e9 une carte \u00e0 cryptogramme dynamique\u00a0: le code change r\u00e9guli\u00e8rement pour une plus grande s\u00e9curit\u00e9. J\u2019ai cr\u00e9\u00e9 le visuel ainsi qu\u2019une animation pour montrer les b\u00e9n\u00e9fices de la carte. Logiciels utilis\u00e9s\u00a0: Cinema 4D, Octane [\/vc_column_text][vc_empty_space height=&#8221;16&#8243;][vc_single_image image=&#8221;4442&#8243; img_size=&#8221;full&#8221; alignment=&#8221;center&#8221;][vc_empty_space height=&#8221;16&#8243;][vc_single_image image=&#8221;4443&#8243; img_size=&#8221;full&#8221; alignment=&#8221;center&#8221;][vc_empty_space height=&#8221;16&#8243;][\/vc_column][\/vc_row][vc_row [&hellip;]<\/p>\n","protected":false},"author":1,"featured_media":0,"parent":0,"menu_order":0,"comment_status":"closed","ping_status":"closed","template":"full-width.php","meta":{"tpgb_global_settings":"","pgc_sgb_lightbox_settings":"","footnotes":""},"class_list":["post-4439","page","type-page","status-publish","hentry"],"tpgb_featured_images":null,"tpgb_post_meta_info":{"get_date":"30 January 2024","get_modified_date":"30 January 2024","author_name":"admin6889","author_url":"https:\/\/olivierbeaugrand.com\/index.php\/author\/admin6889\/","author_email":"olivierbeaugrand@live.com","author_website":"http:\/\/olivierbeaugrand.com","author_description":"","author_facebook":"","author_twitter":"","author_instagram":"","author_role":["administrator"],"author_firstname":"","author_lastname":"","user_login":"admin6889","author_avatar":"<img alt='' src='https:\/\/secure.gravatar.com\/avatar\/fbd75701553054cea1c09b841228b1c557bd5f292805dc0ee33c7d62685b5fd7?s=200&#038;d=mm&#038;r=g' srcset='https:\/\/secure.gravatar.com\/avatar\/fbd75701553054cea1c09b841228b1c557bd5f292805dc0ee33c7d62685b5fd7?s=400&#038;d=mm&#038;r=g 2x' class='avatar avatar-200 photo' height='200' width='200' loading='lazy' decoding='async'\/>","author_avatar_url":"https:\/\/secure.gravatar.com\/avatar\/fbd75701553054cea1c09b841228b1c557bd5f292805dc0ee33c7d62685b5fd7?s=96&d=mm&r=g","comment_count":0,"post_likes":0,"post_views":0},"tpgb_post_category":[],"_links":{"self":[{"href":"https:\/\/olivierbeaugrand.com\/index.php\/wp-json\/wp\/v2\/pages\/4439","targetHints":{"allow":["GET"]}}],"collection":[{"href":"https:\/\/olivierbeaugrand.com\/index.php\/wp-json\/wp\/v2\/pages"}],"about":[{"href":"https:\/\/olivierbeaugrand.com\/index.php\/wp-json\/wp\/v2\/types\/page"}],"author":[{"embeddable":true,"href":"https:\/\/olivierbeaugrand.com\/index.php\/wp-json\/wp\/v2\/users\/1"}],"replies":[{"embeddable":true,"href":"https:\/\/olivierbeaugrand.com\/index.php\/wp-json\/wp\/v2\/comments?post=4439"}],"version-history":[{"count":3,"href":"https:\/\/olivierbeaugrand.com\/index.php\/wp-json\/wp\/v2\/pages\/4439\/revisions"}],"predecessor-version":[{"id":4444,"href":"https:\/\/olivierbeaugrand.com\/index.php\/wp-json\/wp\/v2\/pages\/4439\/revisions\/4444"}],"wp:attachment":[{"href":"https:\/\/olivierbeaugrand.com\/index.php\/wp-json\/wp\/v2\/media?parent=4439"}],"curies":[{"name":"wp","href":"https:\/\/api.w.org\/{rel}","templated":true}]}}