

{"id":4582,"date":"2024-05-31T07:47:50","date_gmt":"2024-05-31T05:47:50","guid":{"rendered":"https:\/\/olivierbeaugrand.com\/?page_id=4582"},"modified":"2026-03-09T06:32:05","modified_gmt":"2026-03-09T05:32:05","slug":"flowers-animations","status":"publish","type":"page","link":"https:\/\/olivierbeaugrand.com\/index.php\/flowers-animations\/","title":{"rendered":"Flowers animations"},"content":{"rendered":"[vc_row lvca_dark_bg=&#8221;true&#8221; simple_background_color=&#8221;#000000&#8243;][vc_column]<div class=\"mkdf-elements-holder   mkdf-one-column  mkdf-responsive-mode-768 \" ><div class=\"mkdf-eh-item   mkdf-horizontal-alignment-center \" style=\"background-image: url(https:\/\/olivierbeaugrand.com\/wp-content\/uploads\/2025\/01\/7.png)\" data-item-class=\"mkdf-eh-custom-5640\" data-1367-1600=\"223px 0px\" data-1025-1366=\"173px 0px\" data-769-1024=\"173px 0px\" data-681-768=\"173px 0px\" data-680=\"173px 0px\">\n\t<div class=\"mkdf-eh-item-inner\">\n\t\t<div class=\"mkdf-eh-item-content mkdf-eh-custom-5640\" style=\"padding: 273px 0px\">\n\t\t\t<div class=\"mkdf-section-title-holder  mkdf-st-standard mkdf-st- mkdf-st-normal-space \" style=\"text-align: center\">\n\t<div class=\"mkdf-st-inner\">\n\t\t\t\t\t<h1 class=\"mkdf-st-title\" style=\"color: #ffffff\">\n\t\t\t\tHoudini -<br \/> Flower Animation\t\t\t<\/h1>\n\t\t\t\t\t<\/div>\n<\/div>\t\t<\/div>\n\t<\/div>\n<\/div><\/div>[\/vc_column][\/vc_row][vc_row row_content_width=&#8221;grid&#8221; css=&#8221;.vc_custom_1619956501819{padding-top: 180px !important;padding-bottom: 16px !important;}&#8221; simple_background_color=&#8221;#000000&#8243;][vc_column][vc_column_text]\r\n<div class=\"flex max-w-full flex-col flex-grow\">\r\n<div class=\"min-h-8 text-message flex w-full flex-col items-end gap-2 whitespace-normal break-words text-start [.text-message+&amp;]:mt-5\" dir=\"auto\" data-message-author-role=\"assistant\" data-message-id=\"390fa077-3011-447b-8996-885380963af1\" data-message-model-slug=\"gpt-4o\">\r\n<div class=\"flex w-full flex-col gap-1 empty:hidden first:pt-[3px]\">\r\n<div class=\"markdown prose w-full break-words dark:prose-invert dark\">\r\n\r\nCette animation a \u00e9t\u00e9 r\u00e9alis\u00e9e avec Houdini, en utilisant les outils Vellum et KineFX.\r\n\r\n<\/div>\r\n<\/div>\r\n<\/div>\r\n<\/div>\r\n[\/vc_column_text][vc_empty_space height=&#8221;16&#8243;][vc_single_image image=&#8221;4770&#8243; img_size=&#8221;full&#8221; alignment=&#8221;center&#8221;][vc_empty_space height=&#8221;16&#8243;][vc_single_image image=&#8221;4768&#8243; img_size=&#8221;full&#8221; alignment=&#8221;center&#8221;][vc_empty_space height=&#8221;16&#8243;][vc_column_text]\r\n<figure class=\"wp-block-video aligncenter\"><video src=\"https:\/\/olivierbeaugrand.com\/wp-content\/uploads\/2026\/03\/CALLA_0008_DeMain-2_2025-01-18_09_18.mp4\" preload=\"auto\" autoplay=\"autoplay\" loop=\"loop\" muted=\"\" width=\"1280\" height=\"360\"><\/video><\/figure>\r\n\r\n[\/vc_column_text][vc_empty_space height=&#8221;16&#8243;][vc_single_image image=&#8221;4764&#8243; img_size=&#8221;full&#8221; alignment=&#8221;center&#8221;][vc_empty_space height=&#8221;16&#8243;][\/vc_column][\/vc_row]","protected":false},"excerpt":{"rendered":"<p>[vc_row lvca_dark_bg=&#8221;true&#8221; simple_background_color=&#8221;#000000&#8243;][vc_column][\/vc_column][\/vc_row][vc_row row_content_width=&#8221;grid&#8221; css=&#8221;.vc_custom_1619956501819{padding-top: 180px !important;padding-bottom: 16px !important;}&#8221; simple_background_color=&#8221;#000000&#8243;][vc_column][vc_column_text] Cette animation a \u00e9t\u00e9 r\u00e9alis\u00e9e avec Houdini, en utilisant les outils Vellum et KineFX. [\/vc_column_text][vc_empty_space height=&#8221;16&#8243;][vc_single_image image=&#8221;4770&#8243; img_size=&#8221;full&#8221; alignment=&#8221;center&#8221;][vc_empty_space height=&#8221;16&#8243;][vc_single_image image=&#8221;4768&#8243; img_size=&#8221;full&#8221; alignment=&#8221;center&#8221;][vc_empty_space height=&#8221;16&#8243;][vc_column_text] [\/vc_column_text][vc_empty_space height=&#8221;16&#8243;][vc_single_image image=&#8221;4764&#8243; img_size=&#8221;full&#8221; alignment=&#8221;center&#8221;][vc_empty_space height=&#8221;16&#8243;][\/vc_column][\/vc_row]<\/p>\n","protected":false},"author":1,"featured_media":0,"parent":0,"menu_order":0,"comment_status":"closed","ping_status":"closed","template":"full-width.php","meta":{"tpgb_global_settings":"","pgc_sgb_lightbox_settings":"","footnotes":""},"class_list":["post-4582","page","type-page","status-publish","hentry"],"tpgb_featured_images":null,"tpgb_post_meta_info":{"get_date":"31 May 2024","get_modified_date":"9 March 2026","author_name":"admin6889","author_url":"https:\/\/olivierbeaugrand.com\/index.php\/author\/admin6889\/","author_email":"olivierbeaugrand@live.com","author_website":"http:\/\/olivierbeaugrand.com","author_description":"","author_facebook":"","author_twitter":"","author_instagram":"","author_role":["administrator"],"author_firstname":"","author_lastname":"","user_login":"admin6889","author_avatar":"<img alt='' src='https:\/\/secure.gravatar.com\/avatar\/fbd75701553054cea1c09b841228b1c557bd5f292805dc0ee33c7d62685b5fd7?s=200&#038;d=mm&#038;r=g' srcset='https:\/\/secure.gravatar.com\/avatar\/fbd75701553054cea1c09b841228b1c557bd5f292805dc0ee33c7d62685b5fd7?s=400&#038;d=mm&#038;r=g 2x' class='avatar avatar-200 photo' height='200' width='200' loading='lazy' decoding='async'\/>","author_avatar_url":"https:\/\/secure.gravatar.com\/avatar\/fbd75701553054cea1c09b841228b1c557bd5f292805dc0ee33c7d62685b5fd7?s=96&d=mm&r=g","comment_count":0,"post_likes":0,"post_views":0},"tpgb_post_category":[],"_links":{"self":[{"href":"https:\/\/olivierbeaugrand.com\/index.php\/wp-json\/wp\/v2\/pages\/4582","targetHints":{"allow":["GET"]}}],"collection":[{"href":"https:\/\/olivierbeaugrand.com\/index.php\/wp-json\/wp\/v2\/pages"}],"about":[{"href":"https:\/\/olivierbeaugrand.com\/index.php\/wp-json\/wp\/v2\/types\/page"}],"author":[{"embeddable":true,"href":"https:\/\/olivierbeaugrand.com\/index.php\/wp-json\/wp\/v2\/users\/1"}],"replies":[{"embeddable":true,"href":"https:\/\/olivierbeaugrand.com\/index.php\/wp-json\/wp\/v2\/comments?post=4582"}],"version-history":[{"count":19,"href":"https:\/\/olivierbeaugrand.com\/index.php\/wp-json\/wp\/v2\/pages\/4582\/revisions"}],"predecessor-version":[{"id":5561,"href":"https:\/\/olivierbeaugrand.com\/index.php\/wp-json\/wp\/v2\/pages\/4582\/revisions\/5561"}],"wp:attachment":[{"href":"https:\/\/olivierbeaugrand.com\/index.php\/wp-json\/wp\/v2\/media?parent=4582"}],"curies":[{"name":"wp","href":"https:\/\/api.w.org\/{rel}","templated":true}]}}