

{"id":4742,"date":"2025-01-17T15:53:41","date_gmt":"2025-01-17T14:53:41","guid":{"rendered":"https:\/\/olivierbeaugrand.com\/?page_id=4742"},"modified":"2025-04-19T09:52:26","modified_gmt":"2025-04-19T07:52:26","slug":"shell","status":"publish","type":"page","link":"https:\/\/olivierbeaugrand.com\/index.php\/shell\/","title":{"rendered":"Shell Helix"},"content":{"rendered":"<p>[vc_row lvca_dark_bg=&#8221;true&#8221; simple_background_color=&#8221;#000000&#8243;][vc_column]<div class=\"mkdf-elements-holder   mkdf-one-column  mkdf-responsive-mode-768 \" ><div class=\"mkdf-eh-item   mkdf-horizontal-alignment-center \" style=\"background-image: url(https:\/\/olivierbeaugrand.com\/wp-content\/uploads\/2025\/04\/shell-header.jpg)\" data-item-class=\"mkdf-eh-custom-3127\" data-1367-1600=\"223px 0px\" data-1025-1366=\"173px 0px\" data-769-1024=\"173px 0px\" data-681-768=\"173px 0px\" data-680=\"173px 0px\">\n\t<div class=\"mkdf-eh-item-inner\">\n\t\t<div class=\"mkdf-eh-item-content mkdf-eh-custom-3127\" style=\"padding: 273px 0px\">\n\t\t\t<div class=\"mkdf-section-title-holder  mkdf-st-standard mkdf-st- mkdf-st-normal-space \" style=\"text-align: center\">\n\t<div class=\"mkdf-st-inner\">\n\t\t\t\t\t<h1 class=\"mkdf-st-title\" style=\"color: #ffffff\">\n\t\t\t\tShell Helix<br \/>\t\t\t<\/h1>\n\t\t\t\t\t<\/div>\n<\/div>\t\t<\/div>\n\t<\/div>\n<\/div><\/div>[\/vc_column][\/vc_row][vc_row row_content_width=&#8221;grid&#8221; css=&#8221;.vc_custom_1619956501819{padding-top: 180px !important;padding-bottom: 16px !important;}&#8221; simple_background_color=&#8221;#000000&#8243;][vc_column][vc_column_text]<span style=\"color: #ffffff;\"><strong data-start=\"67\" data-end=\"121\">Shell Helix \u2013 Concepts d\u2019objets p\u00e9dagogiques<\/strong><\/span><br data-start=\"121\" data-end=\"124\" \/><span style=\"color: #ffffff;\">J\u2019ai con\u00e7u une s\u00e9rie de concepts d\u2019objets interactifs pour Shell, en m\u2019appuyant sur des dessins techniques fournis dans le brief.<\/span><br data-start=\"253\" data-end=\"256\" \/><span style=\"color: #ffffff;\">L\u2019objectif \u00e9tait de mettre en avant les performances de l\u2019huile moteur Shell Helix face aux produits concurrents, \u00e0 travers des d\u00e9monstrations visuelles et ludiques.<\/span><\/p>\n<p><span style=\"color: #ffffff;\">J&#8217;ai du cr\u00e9er 3 outils chacun comparant une des qualit\u00e9 de l&#8217;huile Shell par rapport \u00e0 une ou des huiles concurentes.<\/span><\/p>\n<ul>\n<li><span style=\"color: #ffffff;\"><strong data-start=\"474\" data-end=\"488\">Un outil d\u00e9montrant l&#8217;efficacit\u00e9<\/strong> : illustre la fluidit\u00e9 de mouvement gr\u00e2ce \u00e0 une faible viscosit\u00e9.<\/span><\/li>\n<li><span style=\"color: #ffffff;\"><strong data-start=\"560\" data-end=\"574\">Un outil d\u00e9montrant la protection<\/strong> : d\u00e9montre la rapidit\u00e9 avec laquelle l\u2019huile recouvre les pi\u00e8ces du moteur.<\/span><\/li>\n<li><span style=\"color: #ffffff;\"><strong data-start=\"656\" data-end=\"670\">Un outil d\u00e9montrant\u00a0 la r\u00e9activit\u00e9<\/strong> : montre comment une bonne lubrification am\u00e9liore la r\u00e9activit\u00e9 du moteur.<\/span><\/li>\n<\/ul>\n<p><span style=\"color: #ffffff;\">Les concepts ont \u00e9t\u00e9 mod\u00e9lis\u00e9s en 3D avec Cinema 4D et Redshift. Certains de ces objets ont ensuite \u00e9t\u00e9 produits et utilis\u00e9s lors de divers salons pour d\u00e9montrer l&#8217;\u00e9fficacit\u00e9 de la solution Shell<\/span>[\/vc_column_text][\/vc_column][\/vc_row][vc_row row_content_width=&#8221;grid&#8221; css=&#8221;.vc_custom_1744995520708{padding-top: 0px !important;padding-bottom: 16px !important;}&#8221; simple_background_color=&#8221;#000000&#8243;][vc_column width=&#8221;1\/2&#8243;][vc_single_image image=&#8221;4983&#8243; img_size=&#8221;full&#8221; alignment=&#8221;center&#8221;][vc_empty_space height=&#8221;16&#8243;][vc_single_image image=&#8221;4745&#8243; img_size=&#8221;full&#8221; alignment=&#8221;center&#8221;][vc_empty_space height=&#8221;16&#8243;][vc_single_image image=&#8221;4994&#8243; img_size=&#8221;full&#8221; alignment=&#8221;center&#8221;][vc_empty_space height=&#8221;16&#8243;][vc_single_image image=&#8221;4748&#8243; img_size=&#8221;full&#8221; alignment=&#8221;center&#8221;][vc_empty_space height=&#8221;16&#8243;][vc_single_image image=&#8221;4749&#8243; img_size=&#8221;full&#8221; alignment=&#8221;center&#8221;][vc_empty_space height=&#8221;16&#8243;][\/vc_column][vc_column width=&#8221;1\/2&#8243;][vc_single_image image=&#8221;4979&#8243; img_size=&#8221;full&#8221; alignment=&#8221;center&#8221;][vc_empty_space height=&#8221;16&#8243;][vc_single_image image=&#8221;4747&#8243; img_size=&#8221;full&#8221; alignment=&#8221;center&#8221;][vc_empty_space height=&#8221;16&#8243;][vc_single_image image=&#8221;4991&#8243; img_size=&#8221;full&#8221; alignment=&#8221;center&#8221;][vc_empty_space height=&#8221;16&#8243;][vc_single_image image=&#8221;4751&#8243; img_size=&#8221;full&#8221; alignment=&#8221;center&#8221;][vc_empty_space height=&#8221;16&#8243;][vc_single_image image=&#8221;5008&#8243; img_size=&#8221;full&#8221; alignment=&#8221;center&#8221;][vc_empty_space height=&#8221;16&#8243;][\/vc_column][\/vc_row]<\/p>\n","protected":false},"excerpt":{"rendered":"<p>[vc_row lvca_dark_bg=&#8221;true&#8221; simple_background_color=&#8221;#000000&#8243;][vc_column][\/vc_column][\/vc_row][vc_row row_content_width=&#8221;grid&#8221; css=&#8221;.vc_custom_1619956501819{padding-top: 180px !important;padding-bottom: 16px !important;}&#8221; simple_background_color=&#8221;#000000&#8243;][vc_column][vc_column_text]Shell Helix \u2013 Concepts d\u2019objets p\u00e9dagogiquesJ\u2019ai con\u00e7u une s\u00e9rie de concepts d\u2019objets interactifs pour Shell, en m\u2019appuyant sur des dessins techniques fournis dans le brief.L\u2019objectif \u00e9tait de mettre en avant les performances de l\u2019huile moteur Shell Helix face aux produits concurrents, \u00e0 travers des d\u00e9monstrations visuelles et [&hellip;]<\/p>\n","protected":false},"author":1,"featured_media":0,"parent":0,"menu_order":0,"comment_status":"closed","ping_status":"closed","template":"full-width.php","meta":{"tpgb_global_settings":"","pgc_sgb_lightbox_settings":"","footnotes":""},"class_list":["post-4742","page","type-page","status-publish","hentry"],"tpgb_featured_images":null,"tpgb_post_meta_info":{"get_date":"17 January 2025","get_modified_date":"19 April 2025","author_name":"admin6889","author_url":"https:\/\/olivierbeaugrand.com\/index.php\/author\/admin6889\/","author_email":"olivierbeaugrand@live.com","author_website":"http:\/\/olivierbeaugrand.com","author_description":"","author_facebook":"","author_twitter":"","author_instagram":"","author_role":["administrator"],"author_firstname":"","author_lastname":"","user_login":"admin6889","author_avatar":"<img alt='' src='https:\/\/secure.gravatar.com\/avatar\/fbd75701553054cea1c09b841228b1c557bd5f292805dc0ee33c7d62685b5fd7?s=200&#038;d=mm&#038;r=g' srcset='https:\/\/secure.gravatar.com\/avatar\/fbd75701553054cea1c09b841228b1c557bd5f292805dc0ee33c7d62685b5fd7?s=400&#038;d=mm&#038;r=g 2x' class='avatar avatar-200 photo' height='200' width='200' loading='lazy' decoding='async'\/>","author_avatar_url":"https:\/\/secure.gravatar.com\/avatar\/fbd75701553054cea1c09b841228b1c557bd5f292805dc0ee33c7d62685b5fd7?s=96&d=mm&r=g","comment_count":0,"post_likes":0,"post_views":0},"tpgb_post_category":[],"_links":{"self":[{"href":"https:\/\/olivierbeaugrand.com\/index.php\/wp-json\/wp\/v2\/pages\/4742","targetHints":{"allow":["GET"]}}],"collection":[{"href":"https:\/\/olivierbeaugrand.com\/index.php\/wp-json\/wp\/v2\/pages"}],"about":[{"href":"https:\/\/olivierbeaugrand.com\/index.php\/wp-json\/wp\/v2\/types\/page"}],"author":[{"embeddable":true,"href":"https:\/\/olivierbeaugrand.com\/index.php\/wp-json\/wp\/v2\/users\/1"}],"replies":[{"embeddable":true,"href":"https:\/\/olivierbeaugrand.com\/index.php\/wp-json\/wp\/v2\/comments?post=4742"}],"version-history":[{"count":28,"href":"https:\/\/olivierbeaugrand.com\/index.php\/wp-json\/wp\/v2\/pages\/4742\/revisions"}],"predecessor-version":[{"id":4990,"href":"https:\/\/olivierbeaugrand.com\/index.php\/wp-json\/wp\/v2\/pages\/4742\/revisions\/4990"}],"wp:attachment":[{"href":"https:\/\/olivierbeaugrand.com\/index.php\/wp-json\/wp\/v2\/media?parent=4742"}],"curies":[{"name":"wp","href":"https:\/\/api.w.org\/{rel}","templated":true}]}}