

{"id":5111,"date":"2025-05-09T11:42:16","date_gmt":"2025-05-09T09:42:16","guid":{"rendered":"https:\/\/olivierbeaugrand.com\/?page_id=5111"},"modified":"2025-06-28T08:48:47","modified_gmt":"2025-06-28T06:48:47","slug":"pigment-technology","status":"publish","type":"page","link":"https:\/\/olivierbeaugrand.com\/index.php\/pigment-technology\/","title":{"rendered":"Pigment Technology"},"content":{"rendered":"<p>[vc_row lvca_dark_bg=&#8221;true&#8221; simple_background_color=&#8221;#000000&#8243;][vc_column]<div class=\"mkdf-elements-holder   mkdf-one-column  mkdf-responsive-mode-768 \" ><div class=\"mkdf-eh-item   mkdf-horizontal-alignment-center \" style=\"background-image: url(https:\/\/olivierbeaugrand.com\/wp-content\/uploads\/2025\/04\/ai-agents.png)\" data-item-class=\"mkdf-eh-custom-9415\" data-1367-1600=\"223px 0px\" data-1025-1366=\"173px 0px\" data-769-1024=\"173px 0px\" data-681-768=\"173px 0px\" data-680=\"173px 0px\">\n\t<div class=\"mkdf-eh-item-inner\">\n\t\t<div class=\"mkdf-eh-item-content mkdf-eh-custom-9415\" style=\"padding: 273px 0px\">\n\t\t\t<div class=\"mkdf-section-title-holder  mkdf-st-standard mkdf-st- mkdf-st-normal-space \" style=\"text-align: center\">\n\t<div class=\"mkdf-st-inner\">\n\t\t\t\t\t<h1 class=\"mkdf-st-title\" style=\"color: #ffffff\">\n\t\t\t\tPigment<br \/> R&amp;D\t\t\t<\/h1>\n\t\t\t\t\t<\/div>\n<\/div>\t\t<\/div>\n\t<\/div>\n<\/div><\/div>[\/vc_column][\/vc_row][vc_row row_content_width=&#8221;grid&#8221; css=&#8221;.vc_custom_1746785415010{padding-top: 80px !important;padding-bottom: 0px !important;}&#8221; simple_background_color=&#8221;#000000&#8243;][vc_column][vc_column_text]<\/p>\r\n<p class=\"\" data-start=\"101\" data-end=\"370\"><span style=\"color: #ffffff;\" data-darkreader-inline-color=\"\"><span class=\"_fadeIn_m1hgl_8\">S\u00e9lection <\/span><span class=\"_fadeIn_m1hgl_8\">de <\/span><span class=\"_fadeIn_m1hgl_8\">recherches <\/span><span class=\"_fadeIn_m1hgl_8\">graphiques <\/span><span class=\"_fadeIn_m1hgl_8\">r\u00e9alis\u00e9es <\/span><span class=\"_fadeIn_m1hgl_8\">pour <\/span><span class=\"_fadeIn_m1hgl_8\">diff\u00e9rents <\/span><span class=\"_fadeIn_m1hgl_8\">projets <\/span><span class=\"_fadeIn_m1hgl_8\">chez <\/span><span class=\"_fadeIn_m1hgl_8\">Pigment, <\/span><span class=\"_fadeIn_m1hgl_8\">m\u00ealant <\/span><span class=\"_fadeIn_m1hgl_8\">animation <\/span><span class=\"_fadeIn_m1hgl_8\">2D <\/span><span class=\"_fadeIn_m1hgl_8\">et <\/span><span class=\"_fadeIn_m1hgl_8\">rendus <\/span><span class=\"_fadeIn_m1hgl_8\">3D.<br \/>\r\n<\/span><span class=\"_fadeIn_m1hgl_8\">Con\u00e7ues <\/span><span class=\"_fadeIn_m1hgl_8\">avec <\/span><span class=\"_fadeIn_m1hgl_8\">After <\/span><span class=\"_fadeIn_m1hgl_8\">Effects, <\/span><span class=\"_fadeIn_m1hgl_8\">Cinema <\/span><span class=\"_fadeIn_m1hgl_8\">4D <\/span><span class=\"_fadeIn_m1hgl_8\">et <\/span><span class=\"_fadeIn_m1hgl_8\">Octane <\/span><span class=\"_fadeIn_m1hgl_8\">Render.<\/span><\/span><\/p>\r\n<p>[\/vc_column_text][vc_empty_space height=&#8221;32&#8243;][\/vc_column][\/vc_row][vc_row row_content_width=&#8221;grid&#8221; css=&#8221;.vc_custom_1746785363333{padding-top: 0px !important;padding-bottom: 16px !important;}&#8221; simple_background_color=&#8221;#000000&#8243;][vc_column][vc_column_text]<\/p>\r\n<figure class=\"wp-block-video aligncenter\"><video src=\"https:\/\/olivierbeaugrand.com\/wp-content\/uploads\/2025\/06\/animated_raph_0002_2025-06-28_08_22.mp4\" preload=\"auto\" autoplay=\"autoplay\" loop=\"loop\" muted=\"\" width=\"1920\" height=\"full\"><\/video><\/figure>\r\n<p>&nbsp;<\/p>\r\n<p>[\/vc_column_text][\/vc_column][\/vc_row][vc_row row_content_width=&#8221;grid&#8221; css=&#8221;.vc_custom_1746785363333{padding-top: 0px !important;padding-bottom: 16px !important;}&#8221; simple_background_color=&#8221;#000000&#8243;][vc_column width=&#8221;1\/2&#8243;][vc_single_image image=&#8221;5114&#8243; img_size=&#8221;full&#8221; onclick=&#8221;link_image&#8221;][vc_empty_space height=&#8221;16&#8243;][vc_single_image image=&#8221;5125&#8243; img_size=&#8221;full&#8221; onclick=&#8221;link_image&#8221;][vc_empty_space height=&#8221;16&#8243;][vc_single_image image=&#8221;5129&#8243; img_size=&#8221;full&#8221; onclick=&#8221;link_image&#8221;][vc_empty_space height=&#8221;16&#8243;][\/vc_column][vc_column width=&#8221;1\/2&#8243;][vc_single_image image=&#8221;5118&#8243; img_size=&#8221;full&#8221; onclick=&#8221;link_image&#8221;][vc_empty_space height=&#8221;16&#8243;][vc_single_image image=&#8221;5132&#8243; img_size=&#8221;full&#8221; onclick=&#8221;link_image&#8221;][vc_empty_space height=&#8221;16&#8243;][vc_single_image image=&#8221;5127&#8243; img_size=&#8221;full&#8221; onclick=&#8221;link_image&#8221;][vc_empty_space height=&#8221;16&#8243;][\/vc_column][\/vc_row][vc_row row_content_width=&#8221;grid&#8221; css=&#8221;.vc_custom_1746785363333{padding-top: 0px !important;padding-bottom: 16px !important;}&#8221; simple_background_color=&#8221;#000000&#8243;][vc_column width=&#8221;1\/2&#8243;][vc_column_text]<\/p>\r\n<figure class=\"wp-block-video aligncenter\"><video src=\"https:\/\/olivierbeaugrand.com\/wp-content\/uploads\/2025\/05\/Align-B-04_2025-05-11_09_43.mp4\" preload=\"auto\" autoplay=\"autoplay\" loop=\"loop\" muted=\"\" width=\"1280\" height=\"360\"><\/video><\/figure>\r\n<p><br \/>\r\n[\/vc_column_text][vc_empty_space height=&#8221;16&#8243;][vc_column_text]<\/p>\r\n<figure class=\"wp-block-video aligncenter\"><video src=\"https:\/\/olivierbeaugrand.com\/wp-content\/uploads\/2025\/05\/elegant-anim-fin-3.mp4\" preload=\"auto\" autoplay=\"autoplay\" loop=\"loop\" muted=\"\" width=\"1280\" height=\"360\"><\/video><\/figure>\r\n<p><br \/>\r\n[\/vc_column_text][vc_empty_space height=&#8221;16&#8243;][vc_column_text]<\/p>\r\n<figure class=\"wp-block-video aligncenter\"><video src=\"https:\/\/olivierbeaugrand.com\/wp-content\/uploads\/2025\/05\/real-Time.mp4\" preload=\"auto\" autoplay=\"autoplay\" loop=\"loop\" muted=\"\" width=\"1280\" height=\"300\"><\/video><\/figure>\r\n<p>[\/vc_column_text][\/vc_column][vc_column width=&#8221;1\/2&#8243;][vc_column_text]<\/p>\r\n\r\n<figure class=\"wp-block-video aligncenter\"><video src=\"https:\/\/olivierbeaugrand.com\/wp-content\/uploads\/2025\/05\/Biggest-v1-Remapped-2_2025-05-11_09_58.mp4\" preload=\"auto\" autoplay=\"autoplay\" loop=\"loop\" muted=\"\" width=\"1280\" height=\"360\"><\/video><\/figure>\r\n<p><br \/>\r\n[\/vc_column_text][vc_empty_space height=&#8221;16&#8243;][vc_column_text]<\/p>\r\n<figure class=\"wp-block-video aligncenter\"><video src=\"https:\/\/olivierbeaugrand.com\/wp-content\/uploads\/2025\/05\/Align-A-04_2025-05-11_09_42.mp4\" preload=\"auto\" autoplay=\"autoplay\" loop=\"loop\" muted=\"\" width=\"1280\" height=\"360\"><\/video><\/figure>\r\n<p><br \/>\r\n[\/vc_column_text][vc_empty_space height=&#8221;16&#8243;][vc_column_text]<\/p>\r\n<figure class=\"wp-block-video aligncenter\"><video src=\"https:\/\/olivierbeaugrand.com\/wp-content\/uploads\/2025\/05\/Work-Faster.mp4\" preload=\"auto\" autoplay=\"autoplay\" loop=\"loop\" muted=\"\" width=\"1280\" height=\"300\"><\/video><\/figure>\r\n<p>[\/vc_column_text][\/vc_column][\/vc_row][vc_row row_content_width=&#8221;grid&#8221; css=&#8221;.vc_custom_1746785363333{padding-top: 0px !important;padding-bottom: 16px !important;}&#8221; simple_background_color=&#8221;#000000&#8243;][vc_column width=&#8221;1\/2&#8243;][vc_single_image image=&#8221;5144&#8243; img_size=&#8221;full&#8221; onclick=&#8221;link_image&#8221;][vc_empty_space height=&#8221;16&#8243;][vc_single_image image=&#8221;5141&#8243; img_size=&#8221;full&#8221; onclick=&#8221;link_image&#8221;][\/vc_column][vc_column width=&#8221;1\/2&#8243;][vc_single_image image=&#8221;5143&#8243; img_size=&#8221;full&#8221; onclick=&#8221;link_image&#8221;][vc_empty_space height=&#8221;16&#8243;][vc_single_image image=&#8221;5139&#8243; img_size=&#8221;full&#8221; onclick=&#8221;link_image&#8221;][\/vc_column][\/vc_row][vc_row row_content_width=&#8221;grid&#8221; css=&#8221;.vc_custom_1746785363333{padding-top: 0px !important;padding-bottom: 16px !important;}&#8221; simple_background_color=&#8221;#000000&#8243;][vc_column][vc_single_image image=&#8221;5165&#8243; img_size=&#8221;full&#8221; onclick=&#8221;link_image&#8221;][vc_empty_space height=&#8221;16&#8243;][vc_single_image image=&#8221;5166&#8243; img_size=&#8221;full&#8221; onclick=&#8221;link_image&#8221;][\/vc_column][\/vc_row][vc_row content_text_aligment=&#8221;center&#8221; css=&#8221;.vc_custom_1619955212820{padding-top: 0px !important;padding-bottom: 60px !important;}&#8221; simple_background_color=&#8221;#000000&#8243;][vc_column][vc_single_image image=&#8221;5141&#8243; img_size=&#8221;full&#8221; alignment=&#8221;center&#8221;][\/vc_column][\/vc_row][vc_row][vc_column][\/vc_column][\/vc_row]<\/p>\r\n","protected":false},"excerpt":{"rendered":"<p>[vc_row lvca_dark_bg=&#8221;true&#8221; simple_background_color=&#8221;#000000&#8243;][vc_column][\/vc_column][\/vc_row][vc_row row_content_width=&#8221;grid&#8221; css=&#8221;.vc_custom_1746785415010{padding-top: 80px !important;padding-bottom: 0px !important;}&#8221; simple_background_color=&#8221;#000000&#8243;][vc_column][vc_column_text] S\u00e9lection de recherches graphiques r\u00e9alis\u00e9es pour diff\u00e9rents projets chez Pigment, m\u00ealant animation 2D et rendus 3D. Con\u00e7ues avec After Effects, Cinema 4D et Octane Render. [\/vc_column_text][vc_empty_space height=&#8221;32&#8243;][\/vc_column][\/vc_row][vc_row row_content_width=&#8221;grid&#8221; css=&#8221;.vc_custom_1746785363333{padding-top: 0px !important;padding-bottom: 16px !important;}&#8221; simple_background_color=&#8221;#000000&#8243;][vc_column][vc_column_text]&nbsp; [\/vc_column_text][\/vc_column][\/vc_row][vc_row row_content_width=&#8221;grid&#8221; css=&#8221;.vc_custom_1746785363333{padding-top: 0px !important;padding-bottom: 16px !important;}&#8221; simple_background_color=&#8221;#000000&#8243;][vc_column width=&#8221;1\/2&#8243;][vc_single_image image=&#8221;5114&#8243; img_size=&#8221;full&#8221; onclick=&#8221;link_image&#8221;][vc_empty_space [&hellip;]<\/p>\n","protected":false},"author":1,"featured_media":0,"parent":0,"menu_order":0,"comment_status":"closed","ping_status":"closed","template":"full-width.php","meta":{"tpgb_global_settings":"","pgc_sgb_lightbox_settings":"","footnotes":""},"class_list":["post-5111","page","type-page","status-publish","hentry"],"tpgb_featured_images":null,"tpgb_post_meta_info":{"get_date":"9 May 2025","get_modified_date":"28 June 2025","author_name":"admin6889","author_url":"https:\/\/olivierbeaugrand.com\/index.php\/author\/admin6889\/","author_email":"olivierbeaugrand@live.com","author_website":"http:\/\/olivierbeaugrand.com","author_description":"","author_facebook":"","author_twitter":"","author_instagram":"","author_role":["administrator"],"author_firstname":"","author_lastname":"","user_login":"admin6889","author_avatar":"<img alt='' src='https:\/\/secure.gravatar.com\/avatar\/fbd75701553054cea1c09b841228b1c557bd5f292805dc0ee33c7d62685b5fd7?s=200&#038;d=mm&#038;r=g' srcset='https:\/\/secure.gravatar.com\/avatar\/fbd75701553054cea1c09b841228b1c557bd5f292805dc0ee33c7d62685b5fd7?s=400&#038;d=mm&#038;r=g 2x' class='avatar avatar-200 photo' height='200' width='200' loading='lazy' decoding='async'\/>","author_avatar_url":"https:\/\/secure.gravatar.com\/avatar\/fbd75701553054cea1c09b841228b1c557bd5f292805dc0ee33c7d62685b5fd7?s=96&d=mm&r=g","comment_count":0,"post_likes":0,"post_views":0},"tpgb_post_category":[],"_links":{"self":[{"href":"https:\/\/olivierbeaugrand.com\/index.php\/wp-json\/wp\/v2\/pages\/5111","targetHints":{"allow":["GET"]}}],"collection":[{"href":"https:\/\/olivierbeaugrand.com\/index.php\/wp-json\/wp\/v2\/pages"}],"about":[{"href":"https:\/\/olivierbeaugrand.com\/index.php\/wp-json\/wp\/v2\/types\/page"}],"author":[{"embeddable":true,"href":"https:\/\/olivierbeaugrand.com\/index.php\/wp-json\/wp\/v2\/users\/1"}],"replies":[{"embeddable":true,"href":"https:\/\/olivierbeaugrand.com\/index.php\/wp-json\/wp\/v2\/comments?post=5111"}],"version-history":[{"count":40,"href":"https:\/\/olivierbeaugrand.com\/index.php\/wp-json\/wp\/v2\/pages\/5111\/revisions"}],"predecessor-version":[{"id":5193,"href":"https:\/\/olivierbeaugrand.com\/index.php\/wp-json\/wp\/v2\/pages\/5111\/revisions\/5193"}],"wp:attachment":[{"href":"https:\/\/olivierbeaugrand.com\/index.php\/wp-json\/wp\/v2\/media?parent=5111"}],"curies":[{"name":"wp","href":"https:\/\/api.w.org\/{rel}","templated":true}]}}